
{"id":12,"date":"2012-01-10T19:48:07","date_gmt":"2012-01-10T19:48:07","guid":{"rendered":"http:\/\/zavisice.knihovna.info\/?page_id=12"},"modified":"2014-10-24T15:17:36","modified_gmt":"2014-10-24T15:17:36","slug":"cenik","status":"publish","type":"page","link":"https:\/\/zavisice.knihovna.info\/?page_id=12","title":{"rendered":"Cen\u00edk"},"content":{"rendered":"<h3>administrativn\u00ed poplatek\u00a0(na 1 rok)<\/h3>\n<p>dosp\u011bl\u00ed: 20 K\u010d<\/p>\n<p>d\u011bti do 15 let: 10 K\u010d<\/p>\n","protected":false},"excerpt":{"rendered":"<p>administrativn\u00ed poplatek\u00a0(na 1 rok) dosp\u011bl\u00ed: 20 K\u010d d\u011bti do 15 let: 10 K\u010d<\/p>\n","protected":false},"author":1,"featured_media":0,"parent":0,"menu_order":0,"comment_status":"closed","ping_status":"closed","template":"","meta":{"footnotes":""},"class_list":["post-12","page","type-page","status-publish","hentry"],"_links":{"self":[{"href":"https:\/\/zavisice.knihovna.info\/index.php?rest_route=\/wp\/v2\/pages\/12","targetHints":{"allow":["GET"]}}],"collection":[{"href":"https:\/\/zavisice.knihovna.info\/index.php?rest_route=\/wp\/v2\/pages"}],"about":[{"href":"https:\/\/zavisice.knihovna.info\/index.php?rest_route=\/wp\/v2\/types\/page"}],"author":[{"embeddable":true,"href":"https:\/\/zavisice.knihovna.info\/index.php?rest_route=\/wp\/v2\/users\/1"}],"replies":[{"embeddable":true,"href":"https:\/\/zavisice.knihovna.info\/index.php?rest_route=%2Fwp%2Fv2%2Fcomments&post=12"}],"version-history":[{"count":4,"href":"https:\/\/zavisice.knihovna.info\/index.php?rest_route=\/wp\/v2\/pages\/12\/revisions"}],"predecessor-version":[{"id":105,"href":"https:\/\/zavisice.knihovna.info\/index.php?rest_route=\/wp\/v2\/pages\/12\/revisions\/105"}],"wp:attachment":[{"href":"https:\/\/zavisice.knihovna.info\/index.php?rest_route=%2Fwp%2Fv2%2Fmedia&parent=12"}],"curies":[{"name":"wp","href":"https:\/\/api.w.org\/{rel}","templated":true}]}}