
{"id":20,"date":"2012-01-10T19:53:39","date_gmt":"2012-01-10T19:53:39","guid":{"rendered":"http:\/\/zavisice.knihovna.info\/?page_id=20"},"modified":"2014-11-16T19:17:56","modified_gmt":"2014-11-16T19:17:56","slug":"o-nas","status":"publish","type":"page","link":"https:\/\/zavisice.knihovna.info\/?page_id=20","title":{"rendered":"O n\u00e1s"},"content":{"rendered":"<p>Na\u0161i knihovnu najdete v\u00a0centru obce v\u00a0budov\u011b Obecn\u00edho \u00fa\u0159adu na adrese Z\u00e1vi\u0161ice 115 (viz kontakt).<\/p>\n<p><img loading=\"lazy\" decoding=\"async\" id=\"irc_mi\" src=\"http:\/\/www.zavisice.cz\/images\/surad.jpg\" alt=\"\" width=\"230\" height=\"173\" \/><\/p>\n<p>&nbsp;<\/p>\n<p>&nbsp;<\/p>\n<h2>Knihovna poskytuje \u010dten\u00e1\u0159\u016fm tyto slu\u017eby:<\/h2>\n<h2><\/h2>\n<p>&nbsp;<\/p>\n<h2 style=\"text-align: justify;\"><strong>P\u016fj\u010dov\u00e1n\u00ed knih a \u010dasopis\u016f<\/strong><\/h2>\n<p style=\"text-align: justify;\">Obecn\u00ed knihovna nab\u00edz\u00ed\u00a0\u010dten\u00e1\u0159\u016fm knihy r\u016fzn\u00fdch \u017e\u00e1nr\u016f (klasick\u00e1 literatura, literatura pro d\u011bti a ml\u00e1de\u017e, historick\u00e9 rom\u00e1ny, \u010dten\u00ed\u00a0pro \u017eeny, detektivky,&#8230;aj.). V knihovn\u011b jsou k zap\u016fj\u010den\u00ed jak knihy z fondu obecn\u00ed knihovny, tak tituly z region\u00e1ln\u00edho v\u00fdm\u011bnn\u00e9ho fondu, kter\u00e9 jsou\u00a0financov\u00e1ny z rozpo\u010dtu Moravskoslezsk\u00e9ho kraje.\u00a0\u010c\u00e1st knih z\u00a0fondu knihovny i z\u00a0region\u00e1ln\u00edch fond\u016f se\u00a0obm\u011b\u0148uje, proto\u017ee knihy jsou za\u0159azeny do v\u00fdm\u011bnn\u00fdch soubor\u016f, kter\u00e9 cirkuluj\u00ed mezi sdru\u017een\u00fdmi knihovnami (Kun\u00edn,\u00a0Suchdol nad Odrou, \u017divotice u NJ, Bernartice n\/O \u2026). Knihy jsou tak l\u00e9pe vyu\u017eity, \u010dten\u00e1\u0159i maj\u00ed v\u011bt\u0161\u00ed mo\u017enost v\u00fdb\u011bru a hlavn\u011b se tak\u00e9 dostanou k relativn\u011b aktu\u00e1ln\u00edm kni\u017en\u00edm novink\u00e1m, a\u0165 u\u017e \u010desk\u00e9, nebo zahrani\u010dn\u00ed produkce.<\/p>\n<p style=\"text-align: justify;\">Knihy v jsou &#8211; pro lep\u0161\u00ed orientaci \u010dten\u00e1\u0159\u016f &#8211; rozd\u011bleny do n\u011bkolika tematick\u00fdch a \u017e\u00e1nrov\u00fdch okruh\u016f (viz <span style=\"text-decoration: underline;\">Co nab\u00edz\u00edme<\/span>).<\/p>\n<h2 style=\"text-align: justify;\"><\/h2>\n<h2><\/h2>\n<h2><strong>Internet<\/strong><\/h2>\n<p>V na\u0161\u00ed knihovn\u011b mohou \u010dten\u00e1\u0159i vyu\u017e\u00edt po\u010d\u00edta\u010de s p\u0159\u00edstupem na internet. Tato slu\u017eba je poskytov\u00e1na zdarma.<\/p>\n","protected":false},"excerpt":{"rendered":"<p>Na\u0161i knihovnu najdete v\u00a0centru obce v\u00a0budov\u011b Obecn\u00edho \u00fa\u0159adu na adrese Z\u00e1vi\u0161ice 115 (viz kontakt). &nbsp; &nbsp; Knihovna poskytuje \u010dten\u00e1\u0159\u016fm tyto slu\u017eby: &nbsp; P\u016fj\u010dov\u00e1n\u00ed knih a \u010dasopis\u016f Obecn\u00ed knihovna nab\u00edz\u00ed\u00a0\u010dten\u00e1\u0159\u016fm knihy r\u016fzn\u00fdch \u017e\u00e1nr\u016f (klasick\u00e1 literatura, literatura pro d\u011bti a ml\u00e1de\u017e, historick\u00e9 rom\u00e1ny, \u010dten\u00ed\u00a0pro \u017eeny, detektivky,&#8230;aj.). V knihovn\u011b jsou k zap\u016fj\u010den\u00ed jak knihy z fondu obecn\u00ed knihovny, [&hellip;]<\/p>\n","protected":false},"author":1,"featured_media":0,"parent":0,"menu_order":0,"comment_status":"closed","ping_status":"closed","template":"","meta":{"footnotes":""},"class_list":["post-20","page","type-page","status-publish","hentry"],"_links":{"self":[{"href":"https:\/\/zavisice.knihovna.info\/index.php?rest_route=\/wp\/v2\/pages\/20","targetHints":{"allow":["GET"]}}],"collection":[{"href":"https:\/\/zavisice.knihovna.info\/index.php?rest_route=\/wp\/v2\/pages"}],"about":[{"href":"https:\/\/zavisice.knihovna.info\/index.php?rest_route=\/wp\/v2\/types\/page"}],"author":[{"embeddable":true,"href":"https:\/\/zavisice.knihovna.info\/index.php?rest_route=\/wp\/v2\/users\/1"}],"replies":[{"embeddable":true,"href":"https:\/\/zavisice.knihovna.info\/index.php?rest_route=%2Fwp%2Fv2%2Fcomments&post=20"}],"version-history":[{"count":10,"href":"https:\/\/zavisice.knihovna.info\/index.php?rest_route=\/wp\/v2\/pages\/20\/revisions"}],"predecessor-version":[{"id":165,"href":"https:\/\/zavisice.knihovna.info\/index.php?rest_route=\/wp\/v2\/pages\/20\/revisions\/165"}],"wp:attachment":[{"href":"https:\/\/zavisice.knihovna.info\/index.php?rest_route=%2Fwp%2Fv2%2Fmedia&parent=20"}],"curies":[{"name":"wp","href":"https:\/\/api.w.org\/{rel}","templated":true}]}}