
{"id":37,"date":"2012-01-10T21:28:56","date_gmt":"2012-01-10T21:28:56","guid":{"rendered":"http:\/\/zavisice.knihovna.info\/?page_id=37"},"modified":"2014-11-16T19:14:17","modified_gmt":"2014-11-16T19:14:17","slug":"mapa-stranek","status":"publish","type":"page","link":"https:\/\/zavisice.knihovna.info\/?page_id=37","title":{"rendered":"Co nab\u00edz\u00edme"},"content":{"rendered":"<p>Knihy jsou pro lep\u0161\u00ed orientaci \u010dten\u00e1\u0159\u016f rozd\u011bleny do n\u011bkolika tematick\u00fdch a \u017e\u00e1nrov\u00fdch okruh\u016f. Vyb\u00edrat mohou z beletrie, poezie, divadeln\u00edch her i nau\u010dn\u00fdch publikac\u00ed (viz p\u0159ehled n\u00ed\u017ee).<\/p>\n<h2><\/h2>\n<p>&nbsp;<\/p>\n<h2>ODD\u011aLEN\u00cd PRO DOSP\u011aL\u00c9<\/h2>\n<p>&nbsp;<\/p>\n<h3 style=\"text-align: justify;\">Beletrie<\/h3>\n<ul>\n<li style=\"text-align: justify;\">Beletrie pro dosp\u011bl\u00e9<\/li>\n<li style=\"text-align: justify;\">Kni\u017en\u00ed novinky<\/li>\n<li style=\"text-align: justify;\">Detektivky<\/li>\n<li style=\"text-align: justify;\">Historick\u00e9 rom\u00e1ny<\/li>\n<li style=\"text-align: justify;\">\u010cten\u00ed pro \u017eeny<\/li>\n<li style=\"text-align: justify;\">Humor<\/li>\n<li style=\"text-align: justify;\">Sci-fi a fantasy<\/li>\n<\/ul>\n<h3>Nau\u010dn\u00e1 literatura<\/h3>\n<ul>\n<li>Botanika, zoologie<\/li>\n<li>Zem\u011bpis, turistika<\/li>\n<li>Historie<\/li>\n<li>Literatura<\/li>\n<li>Jazykov\u00e9 u\u010debnice a slovn\u00edky<\/li>\n<li>Technick\u00e1 literatura<\/li>\n<li>Pedagogika a psychologie<\/li>\n<\/ul>\n<h3>Voln\u00fd \u010das<\/h3>\n<ul>\n<li>Kucha\u0159ky<\/li>\n<li>Ru\u010dn\u00ed pr\u00e1ce<\/li>\n<li>D\u016fm a zahrada<\/li>\n<li>Duchovn\u00ed literatura a esoterika<\/li>\n<li>N\u00e1bo\u017eenstv\u00ed<\/li>\n<li>Zdrav\u00ed a \u017eivotn\u00ed styl<\/li>\n<li>Zn\u00e1m\u00e9 osobnosti<\/li>\n<li>Sport<\/li>\n<\/ul>\n<h2><\/h2>\n<p>&nbsp;<\/p>\n<h2><\/h2>\n<h2>ODD\u011aLEN\u00cd PRO D\u011aTI A ML\u00c1DE\u017d<\/h2>\n<p>Knihy v odd\u011blen\u00ed pro d\u011bti a ml\u00e1de\u017e jsou pro v\u011bt\u0161\u00ed p\u0159ehlednost\u00a0rozd\u011bleny do 3 skupin podle v\u011bku:<\/p>\n<ul>\n<li>6 &#8211; 9 let<\/li>\n<li>9 &#8211; 12 let<\/li>\n<li>12 &#8211; 15 let\n<ul>\n<li>dobrodru\u017estv\u00ed<\/li>\n<li>d\u00edv\u010d\u00ed rom\u00e1ny<\/li>\n<li>sci-fi a fantasy<\/li>\n<li>p\u0159\u00edroda<\/li>\n<li>humor<\/li>\n<li>historie<\/li>\n<li>pov\u011bsti a bajky<\/li>\n<\/ul>\n<\/li>\n<\/ul>\n<p>Krom\u011b beletrie si mohou mlad\u00ed \u010dten\u00e1\u0159i vyb\u00edrat z cel\u00e9 \u0159ady nau\u010dn\u00fdch\u00a0publikac\u00ed r\u016fzn\u00e9ho charakteru (p\u0159\u00edrodn\u00ed v\u011bdy, historie, v\u00fdtvarn\u00e9 tvo\u0159en\u00ed, jazykov\u00e9 slovn\u00edky apod.)<\/p>\n<h2><\/h2>\n<p>&nbsp;<\/p>\n<p>&nbsp;<\/p>\n<p>&nbsp;<\/p>\n","protected":false},"excerpt":{"rendered":"<p>Knihy jsou pro lep\u0161\u00ed orientaci \u010dten\u00e1\u0159\u016f rozd\u011bleny do n\u011bkolika tematick\u00fdch a \u017e\u00e1nrov\u00fdch okruh\u016f. Vyb\u00edrat mohou z beletrie, poezie, divadeln\u00edch her i nau\u010dn\u00fdch publikac\u00ed (viz p\u0159ehled n\u00ed\u017ee). &nbsp; ODD\u011aLEN\u00cd PRO DOSP\u011aL\u00c9 &nbsp; Beletrie Beletrie pro dosp\u011bl\u00e9 Kni\u017en\u00ed novinky Detektivky Historick\u00e9 rom\u00e1ny \u010cten\u00ed pro \u017eeny Humor Sci-fi a fantasy Nau\u010dn\u00e1 literatura Botanika, zoologie Zem\u011bpis, turistika Historie Literatura [&hellip;]<\/p>\n","protected":false},"author":1,"featured_media":0,"parent":0,"menu_order":0,"comment_status":"closed","ping_status":"closed","template":"","meta":{"footnotes":""},"class_list":["post-37","page","type-page","status-publish","hentry"],"_links":{"self":[{"href":"https:\/\/zavisice.knihovna.info\/index.php?rest_route=\/wp\/v2\/pages\/37","targetHints":{"allow":["GET"]}}],"collection":[{"href":"https:\/\/zavisice.knihovna.info\/index.php?rest_route=\/wp\/v2\/pages"}],"about":[{"href":"https:\/\/zavisice.knihovna.info\/index.php?rest_route=\/wp\/v2\/types\/page"}],"author":[{"embeddable":true,"href":"https:\/\/zavisice.knihovna.info\/index.php?rest_route=\/wp\/v2\/users\/1"}],"replies":[{"embeddable":true,"href":"https:\/\/zavisice.knihovna.info\/index.php?rest_route=%2Fwp%2Fv2%2Fcomments&post=37"}],"version-history":[{"count":7,"href":"https:\/\/zavisice.knihovna.info\/index.php?rest_route=\/wp\/v2\/pages\/37\/revisions"}],"predecessor-version":[{"id":164,"href":"https:\/\/zavisice.knihovna.info\/index.php?rest_route=\/wp\/v2\/pages\/37\/revisions\/164"}],"wp:attachment":[{"href":"https:\/\/zavisice.knihovna.info\/index.php?rest_route=%2Fwp%2Fv2%2Fmedia&parent=37"}],"curies":[{"name":"wp","href":"https:\/\/api.w.org\/{rel}","templated":true}]}}