
{"id":5,"date":"2012-01-10T19:37:16","date_gmt":"2012-01-10T19:37:16","guid":{"rendered":"http:\/\/www.knihovna.info\/xxxx\/?page_id=5"},"modified":"2016-09-19T07:29:05","modified_gmt":"2016-09-19T07:29:05","slug":"kontakt","status":"publish","type":"page","link":"https:\/\/zavisice.knihovna.info\/?page_id=5","title":{"rendered":"Kontakt"},"content":{"rendered":"<h2><strong>Adresa<\/strong><\/h2>\n<h3>Z\u00e1vi\u0161ice 115<\/h3>\n<h3>742 21 Kop\u0159ivnice<\/h3>\n<h3><strong>Tel: 556 856 000\u00a0 (O\u00da Z\u00e1vi\u0161ice)<\/strong><\/h3>\n<p>&nbsp;<\/p>\n<h3><strong>knihovnice: Jana Jankov\u00e1<\/strong><\/h3>\n<h3><strong>email: jakova.jana@seznam.cz<br \/>\n<\/strong><\/h3>\n<p>&nbsp;<\/p>\n<p>&nbsp;<\/p>\n<hr \/>\n<p>&nbsp;<\/p>\n","protected":false},"excerpt":{"rendered":"<p>Adresa Z\u00e1vi\u0161ice 115 742 21 Kop\u0159ivnice Tel: 556 856 000\u00a0 (O\u00da Z\u00e1vi\u0161ice) &nbsp; knihovnice: Jana Jankov\u00e1 email: jakova.jana@seznam.cz &nbsp; &nbsp; &nbsp;<\/p>\n","protected":false},"author":1,"featured_media":0,"parent":0,"menu_order":0,"comment_status":"closed","ping_status":"closed","template":"","meta":{"footnotes":""},"class_list":["post-5","page","type-page","status-publish","hentry"],"_links":{"self":[{"href":"https:\/\/zavisice.knihovna.info\/index.php?rest_route=\/wp\/v2\/pages\/5","targetHints":{"allow":["GET"]}}],"collection":[{"href":"https:\/\/zavisice.knihovna.info\/index.php?rest_route=\/wp\/v2\/pages"}],"about":[{"href":"https:\/\/zavisice.knihovna.info\/index.php?rest_route=\/wp\/v2\/types\/page"}],"author":[{"embeddable":true,"href":"https:\/\/zavisice.knihovna.info\/index.php?rest_route=\/wp\/v2\/users\/1"}],"replies":[{"embeddable":true,"href":"https:\/\/zavisice.knihovna.info\/index.php?rest_route=%2Fwp%2Fv2%2Fcomments&post=5"}],"version-history":[{"count":11,"href":"https:\/\/zavisice.knihovna.info\/index.php?rest_route=\/wp\/v2\/pages\/5\/revisions"}],"predecessor-version":[{"id":341,"href":"https:\/\/zavisice.knihovna.info\/index.php?rest_route=\/wp\/v2\/pages\/5\/revisions\/341"}],"wp:attachment":[{"href":"https:\/\/zavisice.knihovna.info\/index.php?rest_route=%2Fwp%2Fv2%2Fmedia&parent=5"}],"curies":[{"name":"wp","href":"https:\/\/api.w.org\/{rel}","templated":true}]}}